{"id":109,"date":"2019-12-09T10:32:56","date_gmt":"2019-12-09T09:32:56","guid":{"rendered":"http:\/\/christinerilba.com\/?page_id=109"},"modified":"2019-12-09T10:32:56","modified_gmt":"2019-12-09T09:32:56","slug":"lauteur","status":"publish","type":"page","link":"http:\/\/christinerilba.com\/?page_id=109","title":{"rendered":"L&#8217;auteur"},"content":{"rendered":"\n<h6><strong><em>Si vous souhaitez  conna\u00eetre un peu l&#8217;auteur, il est clair que la meilleure personne pour le pr\u00e9senter n&#8217;est pas id\u00e9alement l&#8217;auteur lui-m\u00eame.  Malgr\u00e9 cette constatation, je me pr\u00e9sente ici:<\/em><\/strong><\/h6>\n\n\n\n<p>N\u00e9e en 1963, j&#8217;ai v\u00e9cu \u00e0 Istres, \u00e0 Salon de Provence, puis en r\u00e9gion parisienne. Le changement de r\u00e9gion (intervenu \u00e0 12 ans) a \u00e9t\u00e9 difficile.<\/p>\n\n\n\n<p>J&#8217;ai pass\u00e9 un Brevet d&#8217;Initiation A\u00e9ronautique puis un brevet de pilote de planeur avant d&#8217;avoir le bac, ce qui a pu ench\u00e9rir sur ma fascination pour ce qui vole.<\/p>\n\n\n\n<p>J&#8217;ai choisi de faire un m\u00e9tier d&#8217;ing\u00e9nieur (ENAC en 1983\/1986) en sachant bien que les ing\u00e9nieurs ne sont plus depuis longtemps ce qu&#8217;ils \u00e9taient dans les romans de Jules Verne mais c&#8217;est bien cet amour des connaissances techniques, pratiques, et surtout immenses qui m&#8217;a attir\u00e9e vers ce m\u00e9tier.<\/p>\n\n\n\n<p>Apr\u00e8s quelques ann\u00e9es j&#8217;ai d\u00e9cid\u00e9 d&#8217;arr\u00eater mon m\u00e9tier qui m&#8217;obligeait  \u00e0 bouger  souvent . Je sais bien que les enfants peuvent survivre \u00e0 tout, trouver un chemin (souvent chaotique et difficile, plein de ressentiment parfois) mais un chemin dans la vie quand m\u00eame,  lorsqu&#8217;ils sont trimball\u00e9s de nourrices en garderies, n\u00e9anmoins ce n&#8217;\u00e9tait pas cette vie-l\u00e0 que je leur souhaitais. J&#8217;ai pr\u00e9f\u00e9r\u00e9 les soutenir volontiers ludiquement dans leur apprentissage de l&#8217;autonomie, et cette d\u00e9cision m&#8217;a aussi permis plusieurs choses. La premi\u00e8re : de renforcer mon go\u00fbt pour le bricolage dans une maison ancienne; la seconde: de ne pas tourner comme ces couples de riches parents qui ne pensent qu&#8217;\u00e0 voyager loin, avoir une piscine et craignent qu&#8217;un domestique  (une aide-m\u00e9nag\u00e8re pour \u00eatre politiquement correct) ne les l\u00e8se; la troisi\u00e8me: d&#8217;avoir un peu de temps pour d&#8217;autres passions sportives et cr\u00e9atives. J&#8217;ai notamment \u00e9t\u00e9 pr\u00e9sidente de l&#8217;\u00e9cole de musique pendant 16 ans, au bureau de la chorale 12 ans, membre du conseil municipal, et m\u00eame correspondant local du village pour La D\u00e9p\u00eache du midi pendant 7ans1\/2.<\/p>\n\n\n\n<p>J&#8217;ai \u00e9crit pas mal de tentatives de romans mais sans avoir le temps de les r\u00e9diger avec soin -ni les mots pour finir, parfois.  J&#8217;ai fait des petits livres pour mes enfants, des BDs amusantes. J&#8217;avais commenc\u00e9 &#8220;Il n&#8217;en restera qu&#8217;un&#8221; en 2003 mais le temps manquant je l&#8217;avais laiss\u00e9 en plan avant de le reprendre en 2014. Notre future \u00e9quipe municipale portait de beaux projets mais elle n&#8217;a pas \u00e9t\u00e9 \u00e9lue, cela m&#8217;a lib\u00e9r\u00e9 beaucoup de temps, aussi au lieu de faire construire une structure \u00e9volutive salle de gym\/arts martiaux\/salle pour le club des A\u00een\u00e9s\/puis salles pour une \u00e9cole de musique,etc, j&#8217;ai vu pousser un ghetto de vieux  et une petite salle sur un parking d\u00e9j\u00e0 satur\u00e9, mais surtout, surtout, j&#8217;ai repris mon manuscrit! <\/p>\n\n\n\n<p><\/p>\n","protected":false},"excerpt":{"rendered":"<p>Si vous souhaitez conna\u00eetre un peu l&#8217;auteur, il est clair que la meilleure personne pour le pr\u00e9senter n&#8217;est pas id\u00e9alement l&#8217;auteur lui-m\u00eame. Malgr\u00e9 cette constatation, je me pr\u00e9sente ici: N\u00e9e en 1963, j&#8217;ai v\u00e9cu \u00e0 Istres, \u00e0 Salon de Provence, puis en r\u00e9gion parisienne. Le changement de r\u00e9gion (intervenu \u00e0 12 ans) a \u00e9t\u00e9 difficile. &hellip; <\/p>\n<p class=\"link-more\"><a href=\"http:\/\/christinerilba.com\/?page_id=109\" class=\"more-link\">Continue reading<span class=\"screen-reader-text\"> &#8220;L&#8217;auteur&#8221;<\/span><\/a><\/p>\n","protected":false},"author":1,"featured_media":0,"parent":0,"menu_order":0,"comment_status":"closed","ping_status":"closed","template":"","meta":[],"_links":{"self":[{"href":"http:\/\/christinerilba.com\/index.php?rest_route=\/wp\/v2\/pages\/109"}],"collection":[{"href":"http:\/\/christinerilba.com\/index.php?rest_route=\/wp\/v2\/pages"}],"about":[{"href":"http:\/\/christinerilba.com\/index.php?rest_route=\/wp\/v2\/types\/page"}],"author":[{"embeddable":true,"href":"http:\/\/christinerilba.com\/index.php?rest_route=\/wp\/v2\/users\/1"}],"replies":[{"embeddable":true,"href":"http:\/\/christinerilba.com\/index.php?rest_route=%2Fwp%2Fv2%2Fcomments&post=109"}],"version-history":[{"count":2,"href":"http:\/\/christinerilba.com\/index.php?rest_route=\/wp\/v2\/pages\/109\/revisions"}],"predecessor-version":[{"id":112,"href":"http:\/\/christinerilba.com\/index.php?rest_route=\/wp\/v2\/pages\/109\/revisions\/112"}],"wp:attachment":[{"href":"http:\/\/christinerilba.com\/index.php?rest_route=%2Fwp%2Fv2%2Fmedia&parent=109"}],"curies":[{"name":"wp","href":"https:\/\/api.w.org\/{rel}","templated":true}]}}