{"id":123,"date":"2020-03-07T14:09:57","date_gmt":"2020-03-07T13:09:57","guid":{"rendered":"http:\/\/christinerilba.com\/?page_id=123"},"modified":"2020-03-07T14:09:57","modified_gmt":"2020-03-07T13:09:57","slug":"actualites","status":"publish","type":"page","link":"http:\/\/christinerilba.com\/?page_id=123","title":{"rendered":"Actualit\u00e9s"},"content":{"rendered":"\n<p>Journ\u00e9e rencontre d\u00e9dicace, samedi 14 mars de 10h \u00e0 18h \u00e0 la libraire l&#8217;Attrape-r\u00eaves \u00e0 Muret<\/p>\n\n\n\n<figure class=\"wp-block-image\"><img loading=\"lazy\" width=\"879\" height=\"1024\" src=\"http:\/\/christinerilba.com\/wp-content\/uploads\/2020\/03\/aff-dedic-sans-bandeau-1-879x1024.jpg\" alt=\"\" class=\"wp-image-124\" srcset=\"http:\/\/christinerilba.com\/wp-content\/uploads\/2020\/03\/aff-dedic-sans-bandeau-1-879x1024.jpg 879w, http:\/\/christinerilba.com\/wp-content\/uploads\/2020\/03\/aff-dedic-sans-bandeau-1-257x300.jpg 257w, http:\/\/christinerilba.com\/wp-content\/uploads\/2020\/03\/aff-dedic-sans-bandeau-1-768x895.jpg 768w\" sizes=\"(max-width: 767px) 89vw, (max-width: 1000px) 54vw, (max-width: 1071px) 543px, 580px\" \/><\/figure>\n\n\n\n<p>Merci aux \u00e9ditions Amalth\u00e9e pour la cr\u00e9ation de cette belle affiche!<\/p>\n\n\n\n<p><\/p>\n","protected":false},"excerpt":{"rendered":"<p>Journ\u00e9e rencontre d\u00e9dicace, samedi 14 mars de 10h \u00e0 18h \u00e0 la libraire l&#8217;Attrape-r\u00eaves \u00e0 Muret Merci aux \u00e9ditions Amalth\u00e9e pour la cr\u00e9ation de cette belle affiche!<\/p>\n","protected":false},"author":1,"featured_media":0,"parent":0,"menu_order":0,"comment_status":"closed","ping_status":"closed","template":"","meta":[],"_links":{"self":[{"href":"http:\/\/christinerilba.com\/index.php?rest_route=\/wp\/v2\/pages\/123"}],"collection":[{"href":"http:\/\/christinerilba.com\/index.php?rest_route=\/wp\/v2\/pages"}],"about":[{"href":"http:\/\/christinerilba.com\/index.php?rest_route=\/wp\/v2\/types\/page"}],"author":[{"embeddable":true,"href":"http:\/\/christinerilba.com\/index.php?rest_route=\/wp\/v2\/users\/1"}],"replies":[{"embeddable":true,"href":"http:\/\/christinerilba.com\/index.php?rest_route=%2Fwp%2Fv2%2Fcomments&post=123"}],"version-history":[{"count":1,"href":"http:\/\/christinerilba.com\/index.php?rest_route=\/wp\/v2\/pages\/123\/revisions"}],"predecessor-version":[{"id":126,"href":"http:\/\/christinerilba.com\/index.php?rest_route=\/wp\/v2\/pages\/123\/revisions\/126"}],"wp:attachment":[{"href":"http:\/\/christinerilba.com\/index.php?rest_route=%2Fwp%2Fv2%2Fmedia&parent=123"}],"curies":[{"name":"wp","href":"https:\/\/api.w.org\/{rel}","templated":true}]}}