{"id":45,"date":"2019-07-10T17:07:47","date_gmt":"2019-07-10T15:07:47","guid":{"rendered":"http:\/\/christinerilba.com\/?page_id=45"},"modified":"2019-11-22T09:12:39","modified_gmt":"2019-11-22T08:12:39","slug":"mentions-legales-et-confidentialite","status":"publish","type":"page","link":"http:\/\/christinerilba.com\/?page_id=45","title":{"rendered":"mentions l\u00e9gales et confidentialit\u00e9"},"content":{"rendered":"\n<h2>Qui sommes-nous&nbsp;?<\/h2>\n\n\n\n<p>L\u2019adresse de notre site Web est&nbsp;: http:\/\/christinerilba.com.<\/p>\n\n\n\n<h2>Utilisation des donn\u00e9es personnelles collect\u00e9es<\/h2>\n\n\n\n<h3>Commentaires<\/h3>\n\n\n\n<p>Quand  vous laissez un commentaire sur notre site web, les donn\u00e9es inscrites  dans le formulaire de commentaire, mais aussi votre adresse IP et  l\u2019agent utilisateur de votre navigateur pourraient \u00eatre collect\u00e9s pour nous aider \u00e0  la d\u00e9tection des commentaires ind\u00e9sirables. Cependant ce site n&#8217;est pas destin\u00e9 \u00e0 recevoir des commentaires ni \u00e0 garder aucune information concernant les personnes qui y passent.<\/p>\n\n\n\n<p><\/p>\n\n\n\n<p>Une cha\u00eene anonymis\u00e9e\n cr\u00e9\u00e9e \u00e0 partir de votre adresse de messagerie (\u00e9galement appel\u00e9e hash) \npeut \u00eatre envoy\u00e9e au service Gravatar pour v\u00e9rifier si vous utilisez ce \ndernier. Les clauses de confidentialit\u00e9 du service Gravatar sont \ndisponibles ici&nbsp;: https:\/\/automattic.com\/privacy\/. Apr\u00e8s validation de \nvotre commentaire, votre photo de profil sera visible publiquement \u00e0 \ncot\u00e9 de votre commentaire.<\/p>\n\n\n\n<h3>M\u00e9dias<\/h3>\n\n\n\n<p>Si  vous \u00eates un utilisateur ou une utilisatrice enregistr\u00e9 et que vous  t\u00e9l\u00e9versez des images sur le site web, nous vous conseillons d\u2019\u00e9viter de  t\u00e9l\u00e9verser des images contenant des donn\u00e9es EXIF de coordonn\u00e9es GPS.  Les visiteurs de votre site web peuvent t\u00e9l\u00e9charger et extraire des  donn\u00e9es de localisation depuis ces images.<\/p>\n\n\n\n<h3>Formulaires de contact<\/h3>\n\n\n\n<h3>Cookies<\/h3>\n\n\n\n<p>Si  vous d\u00e9posez un commentaire sur notre site, il vous sera propos\u00e9  d\u2019enregistrer votre nom, adresse de messagerie et site web dans des  cookies. C\u2019est uniquement pour votre confort afin de ne pas avoir \u00e0  saisir ces informations si vous d\u00e9posez un autre commentaire plus tard.  Ces cookies expirent au bout d\u2019un an. Je n&#8217;utilise pas de cookies mais l&#8217;h\u00e9bergeur ou WordPress  peut-\u00eatre.<\/p>\n\n\n\n<p>Si vous vous rendez sur la \npage de connexion, un cookie temporaire sera cr\u00e9\u00e9 afin de d\u00e9terminer si \nvotre navigateur accepte les cookies. Il ne contient pas de donn\u00e9es \npersonnelles et sera supprim\u00e9 automatiquement \u00e0 la fermeture de votre \nnavigateur.<\/p>\n\n\n\n<p>Lorsque vous vous connecterez, nous mettrons en place \nun certain nombre de cookies pour enregistrer vos informations de \nconnexion et vos pr\u00e9f\u00e9rences d\u2019\u00e9cran. La dur\u00e9e de vie d\u2019un cookie de \nconnexion est de deux jours, celle d\u2019un cookie d\u2019option d\u2019\u00e9cran est d\u2019un\n an. Si vous cochez \u00ab&nbsp;Se souvenir de moi&nbsp;\u00bb, votre cookie de connexion \nsera conserv\u00e9 pendant deux semaines. Si vous vous d\u00e9connectez de votre \ncompte, le cookie de connexion sera effac\u00e9.<\/p>\n\n\n\n<p>En modifiant ou en \npubliant une publication, un cookie suppl\u00e9mentaire sera enregistr\u00e9 dans \nvotre navigateur. Ce cookie ne comprend aucune donn\u00e9e personnelle. Il \nindique simplement l\u2019ID de la publication que vous venez de modifier. Il\n expire au bout d\u2019un jour.<\/p>\n\n\n\n<h3>Contenu embarqu\u00e9 depuis d\u2019autres sites<\/h3>\n\n\n\n<p>Les\n articles de ce site peuvent inclure des contenus int\u00e9gr\u00e9s (par exemple \ndes vid\u00e9os, images, articles\u2026). Le contenu int\u00e9gr\u00e9 depuis d\u2019autres sites\n se comporte de la m\u00eame mani\u00e8re que si le visiteur se rendait sur cet \nautre site.<\/p>\n\n\n\n<p>Ces sites web pourraient collecter des donn\u00e9es sur \nvous, utiliser des cookies, embarquer des outils de suivis tiers, suivre\n vos interactions avec ces contenus embarqu\u00e9s si vous disposez d\u2019un \ncompte connect\u00e9 sur leur site web.<\/p>\n\n\n\n<h3>Statistiques et mesures d\u2019audience<\/h3>\n\n\n\n<h2>Utilisation et transmission de vos donn\u00e9es personnelles<\/h2>\n\n\n\n<p>Il n&#8217;y a pas de transmission de vos donn\u00e9es (\u00e0 moins d&#8217;un piratage), le site est informatif. Pour contacter l&#8217;auteur, il est possible de passer par l&#8217;\u00e9diteur. Vous pouvez aussi envisager de me laisser un message sur Facebook (message priv\u00e9).<\/p>\n\n\n\n<h2>Dur\u00e9es de stockage de vos donn\u00e9es<\/h2>\n\n\n\n<p>Pour les utilisateurs et utilisatrices qui  s\u2019enregistrent sur notre site (si cela est possible), nous stockons  \u00e9galement les donn\u00e9es personnelles indiqu\u00e9es dans leur profil. Tous les  utilisateurs et utilisatrices peuvent voir, modifier ou supprimer leurs  informations personnelles \u00e0 tout moment (\u00e0 l\u2019exception de leur nom  d\u2019utilisateur\u00b7ice). Les gestionnaires du site peuvent aussi voir et  modifier ces informations. Je n&#8217;ai pas l&#8217;intention d&#8217;enregistrer des utilisateurs.<\/p>\n\n\n\n<h2>Les droits que vous avez sur vos donn\u00e9es<\/h2>\n\n\n\n<p>Si\n vous avez un compte ou si vous avez laiss\u00e9 des commentaires sur le \nsite, vous pouvez demander \u00e0 recevoir un fichier contenant toutes les \ndonn\u00e9es personnelles que nous poss\u00e9dons \u00e0 votre sujet, incluant celles \nque vous nous avez fournies. Vous pouvez \u00e9galement demander la \nsuppression des donn\u00e9es personnelles vous concernant. Cela ne prend pas \nen compte les donn\u00e9es stock\u00e9es \u00e0 des fins administratives, l\u00e9gales ou \npour des raisons de s\u00e9curit\u00e9.<\/p>\n\n\n\n<h2>Transmission de vos donn\u00e9es personnelles<\/h2>\n\n\n\n<p>Les  commentaires des visiteurs peuvent \u00eatre v\u00e9rifi\u00e9s \u00e0 l\u2019aide d\u2019un service  automatis\u00e9 de d\u00e9tection des commentaires ind\u00e9sirables. A priori je n&#8217;en utilise pas.<\/p>\n\n\n\n<h3>   Informations de contact: Ce site appartient \u00e0 Christine Rilba,  il est h\u00e9berg\u00e9 chez OVH, 2 rue Kellermann 59100 Roubaix et d\u00e9velopp\u00e9  avec WordPress. <\/h3>\n\n\n\n<p><\/p>\n\n\n\n<h2>Informations suppl\u00e9mentaires<\/h2>\n\n\n\n<h3>Comment nous prot\u00e9geons vos donn\u00e9es:  elles ne sortent pas du cadre, au maximum,  d&#8217;un \u00e9change de mail.<\/h3>\n\n\n\n<h3>Proc\u00e9dures mises en \u0153uvre en cas de fuite de donn\u00e9es<\/h3>\n\n\n\n<h3>Il n&#8217;y a pas d&#8217;op\u00e9rations de marketing automatis\u00e9 et\/ou de profilage r\u00e9alis\u00e9es \u00e0 l\u2019aide des donn\u00e9es personnelles<\/h3>\n\n\n\n<p>J&#8217;ai utilis\u00e9 le document propos\u00e9 par WordPress dont beaucoup de dispositions sont sans objet: c&#8217;est un site informatif sans vis\u00e9es publicitaires ni directement commerciales.<\/p>\n","protected":false},"excerpt":{"rendered":"<p>Qui sommes-nous&nbsp;? L\u2019adresse de notre site Web est&nbsp;: http:\/\/christinerilba.com. Utilisation des donn\u00e9es personnelles collect\u00e9es Commentaires Quand vous laissez un commentaire sur notre site web, les donn\u00e9es inscrites dans le formulaire de commentaire, mais aussi votre adresse IP et l\u2019agent utilisateur de votre navigateur pourraient \u00eatre collect\u00e9s pour nous aider \u00e0 la d\u00e9tection des commentaires ind\u00e9sirables. &hellip; <\/p>\n<p class=\"link-more\"><a href=\"http:\/\/christinerilba.com\/?page_id=45\" class=\"more-link\">Continue reading<span class=\"screen-reader-text\"> &#8220;mentions l\u00e9gales et confidentialit\u00e9&#8221;<\/span><\/a><\/p>\n","protected":false},"author":1,"featured_media":0,"parent":0,"menu_order":0,"comment_status":"closed","ping_status":"closed","template":"","meta":[],"_links":{"self":[{"href":"http:\/\/christinerilba.com\/index.php?rest_route=\/wp\/v2\/pages\/45"}],"collection":[{"href":"http:\/\/christinerilba.com\/index.php?rest_route=\/wp\/v2\/pages"}],"about":[{"href":"http:\/\/christinerilba.com\/index.php?rest_route=\/wp\/v2\/types\/page"}],"author":[{"embeddable":true,"href":"http:\/\/christinerilba.com\/index.php?rest_route=\/wp\/v2\/users\/1"}],"replies":[{"embeddable":true,"href":"http:\/\/christinerilba.com\/index.php?rest_route=%2Fwp%2Fv2%2Fcomments&post=45"}],"version-history":[{"count":8,"href":"http:\/\/christinerilba.com\/index.php?rest_route=\/wp\/v2\/pages\/45\/revisions"}],"predecessor-version":[{"id":100,"href":"http:\/\/christinerilba.com\/index.php?rest_route=\/wp\/v2\/pages\/45\/revisions\/100"}],"wp:attachment":[{"href":"http:\/\/christinerilba.com\/index.php?rest_route=%2Fwp%2Fv2%2Fmedia&parent=45"}],"curies":[{"name":"wp","href":"https:\/\/api.w.org\/{rel}","templated":true}]}}